{"id":161,"date":"2020-04-30T15:59:59","date_gmt":"2020-04-30T13:59:59","guid":{"rendered":"https:\/\/auro.dfirma.pl\/?page_id=161"},"modified":"2026-04-09T14:24:53","modified_gmt":"2026-04-09T12:24:53","slug":"kontakt","status":"publish","type":"page","link":"https:\/\/auro.dfirma.pl\/en\/kontakt\/","title":{"rendered":"Kontakt"},"content":{"rendered":"<div data-elementor-type=\"wp-page\" data-elementor-id=\"161\" class=\"elementor elementor-161\">\n\t\t\t\t<div class=\"aux-parallax-section elementor-element elementor-element-e81326e e-flex e-con-boxed e-con e-parent\" data-id=\"e81326e\" data-element_type=\"container\" data-e-type=\"container\" data-settings=\"{&quot;background_background&quot;:&quot;classic&quot;}\">\n\t\t\t\t\t<div class=\"e-con-inner\">\n\t\t\t\t\t<\/div>\n\t\t\t\t<\/div>\n\t\t<div class=\"aux-parallax-section elementor-element elementor-element-4082e05 e-flex e-con-boxed e-con e-parent\" data-id=\"4082e05\" data-element_type=\"container\" data-e-type=\"container\" data-settings=\"{&quot;background_background&quot;:&quot;classic&quot;}\">\n\t\t\t\t\t<div class=\"e-con-inner\">\n\t\t<div class=\"elementor-element elementor-element-82ed3a3 e-con-full e-flex e-con e-child\" data-id=\"82ed3a3\" data-element_type=\"container\" data-e-type=\"container\">\n\t\t\t\t<div class=\"elementor-element elementor-element-fabed10 aux-appear-watch-animation aux-fade-in-up-2 elementor-widget__width-inherit elementor-widget elementor-widget-aurora_icon_text\" data-id=\"fabed10\" data-element_type=\"widget\" data-e-type=\"widget\" data-widget_type=\"aurora_icon_text.default\">\n\t\t\t\t<div class=\"elementor-widget-container\">\n\t\t\t\t\t<div class=\"aurora-it-grid\"><div class=\"aurora-it-item\"><div class=\"aurora-it-link\"><span class=\"aurora-it-icon\"><i aria-hidden=\"true\" class=\"auxicon auxicon-location-pin\"><\/i><\/span><div class=\"aurora-it-content\"><h4 class=\"aurora-it-heading\">Adres<\/h4><div class=\"aurora-it-text\">Ko\u015bciuszki 10C, 34-350 W\u0119gierska G\u00f3rka<\/div><\/div><\/div><\/div><div class=\"aurora-it-item\"><div class=\"aurora-it-link\"><span class=\"aurora-it-icon\"><i aria-hidden=\"true\" class=\"auxicon auxicon-email-mail-streamline\"><\/i><\/span><div class=\"aurora-it-content\"><h4 class=\"aurora-it-heading\">Email<\/h4><div class=\"aurora-it-text\">info@aureus-polska.pl<\/div><\/div><\/div><\/div><div class=\"aurora-it-item\"><div class=\"aurora-it-link\"><span class=\"aurora-it-icon\"><svg xmlns=\"http:\/\/www.w3.org\/2000\/svg\" id=\"line\" height=\"512\" viewbox=\"0 0 64 64\" width=\"512\"><path d=\"m58.04248 46.769c-.04467-.05472-8.38567-7.94188-8.43908-7.99669a5.91476 5.91476 0 0 0 -8.14493.98307c-4.26864 5.35191-13.93522-4.63685-17.74558-11.07183-2.00832-4.47441.80123-6.21855 1.04051-6.436 3.34035-3.11619 2.20851-6.59227 1.09767-8.05027l-7.62841-8.67189c-4.86457-4.87439-11.12666 3.26135-11.99605 4.7643-7.29551 11.39 11.70967 31.56516 13.22064 33.17858.81736 1.00055 22.08128 22.2 33.38825 15.10869 1.4655-.78716 9.92965-6.74738 5.20698-11.80796zm-.63428 3.8335c-.39355 2.62891-4.17285 5.40723-5.5957 6.25586-10.147 6.04443-29.6748-13.5083-30.87207-14.72363-.28743-.30083-19.56216-20.47916-13.03433-30.76031.89663-1.3876 3.80288-5.0546 6.45425-5.35489a2.89625 2.89625 0 0 1 2.41406.88281l7.52491 8.5542c.19873.27 1.852 2.6958-.85254 5.27442-1.522 1.04-3.70264 4.12744-1.522 8.84668a30.031 30.031 0 0 0 2.97313 4.28221 32.34206 32.34206 0 0 0 9.29982 8.34962c4.58155 2.32569 7.74366.26123 8.83789-1.22217 2.68506-2.60644 5.04444-.87109 5.24659-.71484l8.30224 7.86621a2.91013 2.91013 0 0 1 .82375 2.46387z\"><\/path><\/svg><\/span><div class=\"aurora-it-content\"><h4 class=\"aurora-it-heading\">Telefon<\/h4><div class=\"aurora-it-text\">+48 33 863 14 05<\/div><\/div><\/div><\/div><\/div>\t\t\t\t<\/div>\n\t\t\t\t<\/div>\n\t\t\t\t<\/div>\n\t\t<div class=\"elementor-element elementor-element-c57e5ba e-con-full e-flex e-con e-child\" data-id=\"c57e5ba\" data-element_type=\"container\" data-e-type=\"container\">\n\t\t\t\t<div class=\"elementor-element elementor-element-2ea634b aux-appear-watch-animation aux-fade-in-up elementor-widget elementor-widget-aux_modern_heading\" data-id=\"2ea634b\" data-element_type=\"widget\" data-e-type=\"widget\" data-widget_type=\"aux_modern_heading.default\">\n\t\t\t\t<div class=\"elementor-widget-container\">\n\t\t\t\t\t<section class=\"aux-widget-modern-heading\">\n            <div class=\"aux-widget-inner\"><h2 class=\"aux-modern-heading-primary\"><\/h2><h3 class=\"aux-modern-heading-secondary\"><span class=\"aux-head-before\">Kontakt<\/span><\/h3><div class=\"aux-modern-heading-description\"><p>Ch\u0119tnie opowiemy Ci wi\u0119cej o naszych kosmetycznych nowo\u015bciach! Je\u015bli chcesz zapyta\u0107 o dost\u0119pno\u015b\u0107 naszych zestaw\u00f3w, napisz do nas lub zadzwo\u0144.\u00a0Czekamy na wiadomo\u015b\u0107 od Ciebie.<\/p><\/div><\/div>\n        <\/section>\t\t\t\t<\/div>\n\t\t\t\t<\/div>\n\t\t\t\t<div class=\"elementor-element elementor-element-3fcbdfc aux-appear-watch-animation aux-fade-in-up elementor-widget elementor-widget-aux_contact_form\" data-id=\"3fcbdfc\" data-element_type=\"widget\" data-e-type=\"widget\" data-widget_type=\"aux_contact_form.default\">\n\t\t\t\t<div class=\"elementor-widget-container\">\n\t\t\t\t\t<section class=\"widget-container aux-widget-contact-form aux-parent-aua9a367a9\">            <div class=\"aux-col-wrapper aux-no-gutter\">\n            <!-- @TODO - The output for element here -->\n\n            \n<div class=\"wpcf7 no-js\" id=\"wpcf7-f167-o1\" lang=\"en-US\" dir=\"ltr\" data-wpcf7-id=\"167\">\n<div class=\"screen-reader-response\"><p role=\"status\" aria-live=\"polite\" aria-atomic=\"true\"><\/p> <ul><\/ul><\/div>\n<form action=\"\/en\/wp-json\/wp\/v2\/pages\/161#wpcf7-f167-o1\" method=\"post\" class=\"wpcf7-form init\" aria-label=\"Contact form\" novalidate=\"novalidate\" data-status=\"init\" data-trp-original-action=\"\/en\/wp-json\/wp\/v2\/pages\/161#wpcf7-f167-o1\">\n<fieldset class=\"hidden-fields-container\"><input type=\"hidden\" name=\"_wpcf7\" value=\"167\" \/><input type=\"hidden\" name=\"_wpcf7_version\" value=\"6.1.5\" \/><input type=\"hidden\" name=\"_wpcf7_locale\" value=\"en_US\" \/><input type=\"hidden\" name=\"_wpcf7_unit_tag\" value=\"wpcf7-f167-o1\" \/><input type=\"hidden\" name=\"_wpcf7_container_post\" value=\"0\" \/><input type=\"hidden\" name=\"_wpcf7_posted_data_hash\" value=\"\" \/>\n<\/fieldset>\n<p><span class=\"wpcf7-form-control-wrap\" data-name=\"text-830\"><input size=\"40\" maxlength=\"400\" class=\"wpcf7-form-control wpcf7-text\" aria-invalid=\"false\" placeholder=\"Imi\u0119\" value=\"\" type=\"text\" name=\"text-830\" \/><\/span><span class=\"wpcf7-form-control-wrap\" data-name=\"tel-260\"><input size=\"40\" maxlength=\"400\" class=\"wpcf7-form-control wpcf7-tel wpcf7-text wpcf7-validates-as-tel\" aria-invalid=\"false\" placeholder=\"Nr. Telefonu\" value=\"\" type=\"tel\" name=\"tel-260\" \/><\/span><span class=\"wpcf7-form-control-wrap\" data-name=\"email-339\"><input size=\"40\" maxlength=\"400\" class=\"wpcf7-form-control wpcf7-email wpcf7-text wpcf7-validates-as-email\" aria-invalid=\"false\" placeholder=\"Adres Email\" value=\"\" type=\"email\" name=\"email-339\" \/><\/span><span class=\"wpcf7-form-control-wrap\" data-name=\"textarea-590\"><textarea cols=\"40\" rows=\"10\" maxlength=\"2000\" class=\"wpcf7-form-control wpcf7-textarea\" aria-invalid=\"false\" placeholder=\"Wiadomo\u015b\u0107\" name=\"textarea-590\"><\/textarea><\/span><input class=\"wpcf7-form-control wpcf7-submit has-spinner\" type=\"submit\" value=\"Wy\u015blij\" \/>\n<\/p><div class=\"wpcf7-response-output\" aria-hidden=\"true\"><\/div>\n<input type=\"hidden\" name=\"trp-form-language\" value=\"en\"\/><\/form>\n<\/div>\n\n\n            <\/div><!-- aux-col-wrapper -->\n    <\/section><!-- widget-container -->\t\t\t\t<\/div>\n\t\t\t\t<\/div>\n\t\t\t\t<\/div>\n\t\t\t\t\t<\/div>\n\t\t\t\t<\/div>\n\t\t<div class=\"aux-parallax-section elementor-element elementor-element-228b90d e-flex e-con-boxed e-con e-parent\" data-id=\"228b90d\" data-element_type=\"container\" data-e-type=\"container\" data-settings=\"{&quot;background_background&quot;:&quot;classic&quot;}\">\n\t\t\t\t\t<div class=\"e-con-inner\">\n\t\t\t\t\t<\/div>\n\t\t\t\t<\/div>\n\t\t\t\t<\/div>","protected":false},"excerpt":{"rendered":"<p>Adres Ko\u015bciuszki 10C, 34-350 W\u0119gierska G\u00f3rka Email info@aureus-polska.pl Telefon +48 33 863 14 05 Kontakt Ch\u0119tnie opowiemy Ci wi\u0119cej o naszych kosmetycznych nowo\u015bciach! Je\u015bli chcesz zapyta\u0107 o dost\u0119pno\u015b\u0107 naszych zestaw\u00f3w, napisz do nas lub zadzwo\u0144.\u00a0Czekamy na wiadomo\u015b\u0107 od Ciebie.<\/p>","protected":false},"author":1,"featured_media":0,"parent":0,"menu_order":0,"comment_status":"closed","ping_status":"closed","template":"templates\/page-builder-content.php","meta":{"footnotes":""},"class_list":["post-161","page","type-page","status-publish","hentry"],"_links":{"self":[{"href":"https:\/\/auro.dfirma.pl\/en\/wp-json\/wp\/v2\/pages\/161","targetHints":{"allow":["GET"]}}],"collection":[{"href":"https:\/\/auro.dfirma.pl\/en\/wp-json\/wp\/v2\/pages"}],"about":[{"href":"https:\/\/auro.dfirma.pl\/en\/wp-json\/wp\/v2\/types\/page"}],"author":[{"embeddable":true,"href":"https:\/\/auro.dfirma.pl\/en\/wp-json\/wp\/v2\/users\/1"}],"replies":[{"embeddable":true,"href":"https:\/\/auro.dfirma.pl\/en\/wp-json\/wp\/v2\/comments?post=161"}],"version-history":[{"count":145,"href":"https:\/\/auro.dfirma.pl\/en\/wp-json\/wp\/v2\/pages\/161\/revisions"}],"predecessor-version":[{"id":1482,"href":"https:\/\/auro.dfirma.pl\/en\/wp-json\/wp\/v2\/pages\/161\/revisions\/1482"}],"wp:attachment":[{"href":"https:\/\/auro.dfirma.pl\/en\/wp-json\/wp\/v2\/media?parent=161"}],"curies":[{"name":"wp","href":"https:\/\/api.w.org\/{rel}","templated":true}]}}