{"id":163,"date":"2020-04-28T22:36:18","date_gmt":"2020-04-28T20:36:18","guid":{"rendered":"https:\/\/auro.dfirma.pl\/?page_id=163"},"modified":"2026-04-09T14:30:28","modified_gmt":"2026-04-09T12:30:28","slug":"o-marce","status":"publish","type":"page","link":"https:\/\/auro.dfirma.pl\/en\/o-marce\/","title":{"rendered":"O marce"},"content":{"rendered":"<div data-elementor-type=\"wp-page\" data-elementor-id=\"163\" class=\"elementor elementor-163\">\n\t\t\t\t<div class=\"aux-parallax-section elementor-element elementor-element-60ee12f e-flex e-con-boxed e-con e-parent\" data-id=\"60ee12f\" data-element_type=\"container\" data-e-type=\"container\" data-settings=\"{&quot;background_background&quot;:&quot;classic&quot;}\">\n\t\t\t\t\t<div class=\"e-con-inner\">\n\t\t\t\t\t<\/div>\n\t\t\t\t<\/div>\n\t\t<div class=\"aux-parallax-section elementor-element elementor-element-41443bb e-flex e-con-boxed e-con e-parent\" data-id=\"41443bb\" data-element_type=\"container\" data-e-type=\"container\" data-settings=\"{&quot;background_background&quot;:&quot;classic&quot;}\">\n\t\t\t\t\t<div class=\"e-con-inner\">\n\t\t<div class=\"elementor-element elementor-element-6f78940 e-con-full e-flex e-con e-child\" data-id=\"6f78940\" data-element_type=\"container\" data-e-type=\"container\">\n\t\t\t\t<div class=\"elementor-element elementor-element-f8fcfcc aux-appear-watch-animation aux-fade-in-up elementor-widget elementor-widget-aux_modern_heading\" data-id=\"f8fcfcc\" data-element_type=\"widget\" data-e-type=\"widget\" data-widget_type=\"aux_modern_heading.default\">\n\t\t\t\t<div class=\"elementor-widget-container\">\n\t\t\t\t\t<section class=\"aux-widget-modern-heading\">\n            <div class=\"aux-widget-inner\"><h2 class=\"aux-modern-heading-primary\">Twoja Chwila<\/h2><h3 class=\"aux-modern-heading-secondary\"><span class=\"aux-head-before\">Pi\u0119kno i harmonia<\/span><\/h3><div class=\"aux-modern-heading-description\"><p>Marka Aurora powsta\u0142a z pasji do tworzenia produkt\u00f3w, kt\u00f3re zmieniaj\u0105 codzienne czynno\u015bci w wyj\u0105tkowe rytua\u0142y. Specjalizujemy si\u0119 w kreowaniu zestaw\u00f3w kosmetycznych oraz produkt\u00f3w home-care, kt\u00f3re \u0142\u0105cz\u0105 w sobie wysok\u0105 jako\u015b\u0107 z unikalnym designem. W Aurorze wierzymy, \u017ce dba\u0142o\u015b\u0107 o detale ma znaczenie \u2013 dlatego nasze produkty nie tylko \u015bwietnie dzia\u0142aj\u0105, ale r\u00f3wnie\u017c zachwycaj\u0105 wygl\u0105dem, staj\u0105c si\u0119 ozdob\u0105 ka\u017cdej \u0142azienki i idealnym pomys\u0142em na prezent.<\/p><\/div><\/div>\n        <\/section>\t\t\t\t<\/div>\n\t\t\t\t<\/div>\n\t\t\t\t<\/div>\n\t\t<div class=\"elementor-element elementor-element-bcc0ee2 e-con-full e-flex e-con e-child\" data-id=\"bcc0ee2\" data-element_type=\"container\" data-e-type=\"container\">\n\t\t\t\t<div class=\"elementor-element elementor-element-7f031b8 elementor-absolute aux-appear-watch-animation aux-fade-in-down elementor-hidden-tablet_extra elementor-hidden-tablet elementor-hidden-mobile_extra elementor-hidden-mobile elementor-widget elementor-widget-image\" data-id=\"7f031b8\" data-element_type=\"widget\" data-e-type=\"widget\" data-settings=\"{&quot;_position&quot;:&quot;absolute&quot;}\" data-widget_type=\"image.default\">\n\t\t\t\t<div class=\"elementor-widget-container\">\n\t\t\t\t\t\t\t\t\t\t\t\t\t\t\t<img fetchpriority=\"high\" decoding=\"async\" width=\"360\" height=\"455\" src=\"https:\/\/auro.dfirma.pl\/wp-content\/uploads\/2026\/03\/ornament.svg\" class=\"attachment-large size-large wp-image-291\" alt=\"\" \/>\t\t\t\t\t\t\t\t\t\t\t\t\t\t\t<\/div>\n\t\t\t\t<\/div>\n\t\t\t\t<div class=\"elementor-element elementor-element-d9d076b aux-appear-watch-animation aux-slide-from-left elementor-widget elementor-widget-aurora_image\" data-id=\"d9d076b\" data-element_type=\"widget\" data-e-type=\"widget\" data-widget_type=\"aurora_image.default\">\n\t\t\t\t<div class=\"elementor-widget-container\">\n\t\t\t\t\t<div class=\"aurora-image-wrap\"><img decoding=\"async\" src=\"https:\/\/auro.dfirma.pl\/wp-content\/uploads\/2026\/03\/o-marce.jpg\" alt=\"\" loading=\"lazy\" \/><\/div>\t\t\t\t<\/div>\n\t\t\t\t<\/div>\n\t\t\t\t<\/div>\n\t\t\t\t\t<\/div>\n\t\t\t\t<\/div>\n\t\t<div class=\"aux-parallax-section elementor-element elementor-element-45f9862 e-flex e-con-boxed e-con e-parent\" data-id=\"45f9862\" data-element_type=\"container\" data-e-type=\"container\" data-settings=\"{&quot;background_background&quot;:&quot;classic&quot;}\">\n\t\t\t\t\t<div class=\"e-con-inner\">\n\t\t<div class=\"elementor-element elementor-element-aa3f818 e-con-full e-flex e-con e-child\" data-id=\"aa3f818\" data-element_type=\"container\" data-e-type=\"container\">\n\t\t\t\t<div class=\"elementor-element elementor-element-61d1220 aux-appear-watch-animation aux-fade-in-up elementor-widget elementor-widget-aux_modern_heading\" data-id=\"61d1220\" data-element_type=\"widget\" data-e-type=\"widget\" data-widget_type=\"aux_modern_heading.default\">\n\t\t\t\t<div class=\"elementor-widget-container\">\n\t\t\t\t\t<section class=\"aux-widget-modern-heading\">\n            <div class=\"aux-widget-inner\"><h2 class=\"aux-modern-heading-primary\"><\/h2><h3 class=\"aux-modern-heading-secondary\"><span class=\"aux-head-before\">Filozofia designu i jako\u015bci<\/span><\/h3><div class=\"aux-modern-heading-description\"><p>To, co wyr\u00f3\u017cnia Auror\u0119 na tle konkurencji, to nasze podej\u015bcie do oprawy produktu. Dla nas opakowanie nie jest tylko dodatkiem, to integralna cz\u0119\u015b\u0107 do\u015bwiadczenia.<\/p><\/div><\/div>\n        <\/section>\t\t\t\t<\/div>\n\t\t\t\t<\/div>\n\t\t<div class=\"elementor-element elementor-element-b68f978 e-grid e-con-full e-con e-child\" data-id=\"b68f978\" data-element_type=\"container\" data-e-type=\"container\">\n\t\t\t\t<div class=\"elementor-element elementor-element-3ed71f3 aux-appear-watch-animation aux-fade-in-up elementor-widget elementor-widget-aux_modern_heading\" data-id=\"3ed71f3\" data-element_type=\"widget\" data-e-type=\"widget\" data-widget_type=\"aux_modern_heading.default\">\n\t\t\t\t<div class=\"elementor-widget-container\">\n\t\t\t\t\t<section class=\"aux-widget-modern-heading\">\n            <div class=\"aux-widget-inner\"><h2 class=\"aux-modern-heading-primary\">Starannie dobrane nuty zapachowe<\/h2><div class=\"aux-modern-heading-description\"><p>Koj\u0105 zmys\u0142y i relaksuj\u0105 (od \u015bwie\u017cej bia\u0142ej herbaty po koj\u0105c\u0105 lawend\u0119).<\/p><\/div><\/div>\n        <\/section>\t\t\t\t<\/div>\n\t\t\t\t<\/div>\n\t\t\t\t<div class=\"elementor-element elementor-element-3f47456 aux-appear-watch-animation aux-fade-in-up elementor-widget elementor-widget-aux_modern_heading\" data-id=\"3f47456\" data-element_type=\"widget\" data-e-type=\"widget\" data-widget_type=\"aux_modern_heading.default\">\n\t\t\t\t<div class=\"elementor-widget-container\">\n\t\t\t\t\t<section class=\"aux-widget-modern-heading\">\n            <div class=\"aux-widget-inner\"><h2 class=\"aux-modern-heading-primary\">Design \u201eReady-to-Gift\u201d<\/h2><div class=\"aux-modern-heading-description\"><p>Gotowe, estetyczne rozwi\u0105zania prezentowe w eleganckich kuferkach, szkatu\u0142kach i koszach.<\/p><\/div><\/div>\n        <\/section>\t\t\t\t<\/div>\n\t\t\t\t<\/div>\n\t\t\t\t<div class=\"elementor-element elementor-element-b1d82a2 aux-appear-watch-animation aux-fade-in-up elementor-widget elementor-widget-aux_modern_heading\" data-id=\"b1d82a2\" data-element_type=\"widget\" data-e-type=\"widget\" data-widget_type=\"aux_modern_heading.default\">\n\t\t\t\t<div class=\"elementor-widget-container\">\n\t\t\t\t\t<section class=\"aux-widget-modern-heading\">\n            <div class=\"aux-widget-inner\"><h2 class=\"aux-modern-heading-primary\">Gwarancj\u0119 rzetelno\u015bci<\/h2><div class=\"aux-modern-heading-description\"><p>Produkty opracowane zgodnie z najwy\u017cszymi standardami, kt\u00f3re \u0142\u0105cz\u0105 nowoczesne trendy z funkcjonalno\u015bci\u0105.<\/p><\/div><\/div>\n        <\/section>\t\t\t\t<\/div>\n\t\t\t\t<\/div>\n\t\t\t\t<\/div>\n\t\t\t\t<\/div>\n\t\t\t\t\t<\/div>\n\t\t\t\t<\/div>\n\t\t<div class=\"aux-parallax-section elementor-element elementor-element-8d30b50 e-flex e-con-boxed e-con e-parent\" data-id=\"8d30b50\" data-element_type=\"container\" data-e-type=\"container\" data-settings=\"{&quot;background_background&quot;:&quot;classic&quot;}\">\n\t\t\t\t\t<div class=\"e-con-inner\">\n\t\t<div class=\"elementor-element elementor-element-79c98f2 e-con-full e-flex e-con e-child\" data-id=\"79c98f2\" data-element_type=\"container\" data-e-type=\"container\">\n\t\t\t\t<div class=\"elementor-element elementor-element-afa3bb1 elementor-absolute aux-appear-watch-animation aux-fade-in-down elementor-hidden-tablet_extra elementor-hidden-tablet elementor-hidden-mobile_extra elementor-hidden-mobile elementor-widget elementor-widget-image\" data-id=\"afa3bb1\" data-element_type=\"widget\" data-e-type=\"widget\" data-settings=\"{&quot;_position&quot;:&quot;absolute&quot;}\" data-widget_type=\"image.default\">\n\t\t\t\t<div class=\"elementor-widget-container\">\n\t\t\t\t\t\t\t\t\t\t\t\t\t\t\t<img fetchpriority=\"high\" decoding=\"async\" width=\"360\" height=\"455\" src=\"https:\/\/auro.dfirma.pl\/wp-content\/uploads\/2026\/03\/ornament.svg\" class=\"attachment-large size-large wp-image-291\" alt=\"\" \/>\t\t\t\t\t\t\t\t\t\t\t\t\t\t\t<\/div>\n\t\t\t\t<\/div>\n\t\t\t\t<div class=\"elementor-element elementor-element-75b2947 aux-appear-watch-animation aux-slide-from-left elementor-widget elementor-widget-aurora_image\" data-id=\"75b2947\" data-element_type=\"widget\" data-e-type=\"widget\" data-widget_type=\"aurora_image.default\">\n\t\t\t\t<div class=\"elementor-widget-container\">\n\t\t\t\t\t<div class=\"aurora-image-wrap\"><img decoding=\"async\" src=\"https:\/\/auro.dfirma.pl\/wp-content\/uploads\/2026\/03\/midnight-rose.jpg\" alt=\"\" loading=\"lazy\" \/><\/div>\t\t\t\t<\/div>\n\t\t\t\t<\/div>\n\t\t\t\t<\/div>\n\t\t<div class=\"elementor-element elementor-element-31cf774 e-con-full e-flex e-con e-child\" data-id=\"31cf774\" data-element_type=\"container\" data-e-type=\"container\">\n\t\t\t\t<div class=\"elementor-element elementor-element-75982a3 aux-appear-watch-animation aux-fade-in-up elementor-widget elementor-widget-aux_modern_heading\" data-id=\"75982a3\" data-element_type=\"widget\" data-e-type=\"widget\" data-widget_type=\"aux_modern_heading.default\">\n\t\t\t\t<div class=\"elementor-widget-container\">\n\t\t\t\t\t<section class=\"aux-widget-modern-heading\">\n            <div class=\"aux-widget-inner\"><h2 class=\"aux-modern-heading-primary\">Nasza historia<\/h2><h3 class=\"aux-modern-heading-secondary\"><span class=\"aux-head-before\">Od inspiracji do prezentu<\/span><\/h3><div class=\"aux-modern-heading-description\"><p>Nasza historia to droga ci\u0105g\u0142ego poszukiwania idealnego balansu mi\u0119dzy estetyk\u0105 a przyst\u0119pn\u0105 cen\u0105. Zauwa\u017cyli\u015bmy, \u017ce na rynku brakuje produkt\u00f3w, kt\u00f3re by\u0142yby jednocze\u015bnie eleganckie, luksusowe w odbiorze i dost\u0119pne dla ka\u017cdego. Tak narodzi\u0142a si\u0119 Aurora.<\/p><p>Przez lata rozwijali\u015bmy nasze portfolio, ws\u0142uchuj\u0105c si\u0119 w g\u0142osy konsument\u00f3w, co pozwoli\u0142o nam stworzy\u0107 bestsellery \u2013 od aromatycznych linii k\u0105pielowych w ozdobnych koszach, po nowoczesne rozwi\u0105zania do piel\u0119gnacji domu, kt\u00f3re ciesz\u0105 si\u0119 uznaniem w ca\u0142ej Europie.<\/p><\/div><\/div>\n        <\/section>\t\t\t\t<\/div>\n\t\t\t\t<\/div>\n\t\t\t\t<\/div>\n\t\t\t\t\t<\/div>\n\t\t\t\t<\/div>\n\t\t<div class=\"aux-parallax-section elementor-element elementor-element-a25aa4e e-flex e-con-boxed e-con e-parent\" data-id=\"a25aa4e\" data-element_type=\"container\" data-e-type=\"container\" data-settings=\"{&quot;background_background&quot;:&quot;classic&quot;}\">\n\t\t\t\t\t<div class=\"e-con-inner\">\n\t\t\t\t\t<\/div>\n\t\t\t\t<\/div>\n\t\t\t\t<\/div>","protected":false},"excerpt":{"rendered":"<p>Twoja Chwila Pi\u0119kno i harmonia Marka Aurora powsta\u0142a z pasji do tworzenia produkt\u00f3w, kt\u00f3re zmieniaj\u0105 codzienne czynno\u015bci w wyj\u0105tkowe rytua\u0142y. Specjalizujemy si\u0119 w kreowaniu zestaw\u00f3w kosmetycznych oraz produkt\u00f3w home-care, kt\u00f3re \u0142\u0105cz\u0105 w sobie wysok\u0105 jako\u015b\u0107 z unikalnym designem. W Aurorze wierzymy, \u017ce dba\u0142o\u015b\u0107 o detale ma znaczenie \u2013 dlatego nasze produkty nie tylko \u015bwietnie dzia\u0142aj\u0105, [&hellip;]<\/p>\n","protected":false},"author":1,"featured_media":0,"parent":0,"menu_order":0,"comment_status":"closed","ping_status":"closed","template":"templates\/page-builder-content.php","meta":{"footnotes":""},"class_list":["post-163","page","type-page","status-publish","hentry"],"_links":{"self":[{"href":"https:\/\/auro.dfirma.pl\/en\/wp-json\/wp\/v2\/pages\/163","targetHints":{"allow":["GET"]}}],"collection":[{"href":"https:\/\/auro.dfirma.pl\/en\/wp-json\/wp\/v2\/pages"}],"about":[{"href":"https:\/\/auro.dfirma.pl\/en\/wp-json\/wp\/v2\/types\/page"}],"author":[{"embeddable":true,"href":"https:\/\/auro.dfirma.pl\/en\/wp-json\/wp\/v2\/users\/1"}],"replies":[{"embeddable":true,"href":"https:\/\/auro.dfirma.pl\/en\/wp-json\/wp\/v2\/comments?post=163"}],"version-history":[{"count":139,"href":"https:\/\/auro.dfirma.pl\/en\/wp-json\/wp\/v2\/pages\/163\/revisions"}],"predecessor-version":[{"id":1485,"href":"https:\/\/auro.dfirma.pl\/en\/wp-json\/wp\/v2\/pages\/163\/revisions\/1485"}],"wp:attachment":[{"href":"https:\/\/auro.dfirma.pl\/en\/wp-json\/wp\/v2\/media?parent=163"}],"curies":[{"name":"wp","href":"https:\/\/api.w.org\/{rel}","templated":true}]}}