{"id":835,"date":"2026-03-30T10:30:37","date_gmt":"2026-03-30T08:30:37","guid":{"rendered":"https:\/\/auro.dfirma.pl\/?page_id=835"},"modified":"2026-04-09T14:59:51","modified_gmt":"2026-04-09T12:59:51","slug":"kolekcje","status":"publish","type":"page","link":"https:\/\/auro.dfirma.pl\/en\/kolekcje\/","title":{"rendered":"Kolekcje"},"content":{"rendered":"<div data-elementor-type=\"wp-page\" data-elementor-id=\"835\" class=\"elementor elementor-835\">\n\t\t\t\t<div class=\"aux-parallax-section elementor-element elementor-element-d2632c2 e-flex e-con-boxed e-con e-parent\" data-id=\"d2632c2\" data-element_type=\"container\" data-e-type=\"container\" data-settings=\"{&quot;background_background&quot;:&quot;classic&quot;}\">\n\t\t\t\t\t<div class=\"e-con-inner\">\n\t\t\t\t\t<\/div>\n\t\t\t\t<\/div>\n\t\t<div class=\"aux-parallax-section elementor-element elementor-element-3e95aab e-flex e-con-boxed e-con e-parent\" data-id=\"3e95aab\" data-element_type=\"container\" data-e-type=\"container\" data-settings=\"{&quot;background_background&quot;:&quot;classic&quot;}\">\n\t\t\t\t\t<div class=\"e-con-inner\">\n\t\t<div class=\"elementor-element elementor-element-d0961ac e-con-full e-flex e-con e-child\" data-id=\"d0961ac\" data-element_type=\"container\" data-e-type=\"container\" data-settings=\"{&quot;background_background&quot;:&quot;classic&quot;}\">\n\t\t<div class=\"elementor-element elementor-element-ed14b07 e-con-full e-flex e-con e-child\" data-id=\"ed14b07\" data-element_type=\"container\" data-e-type=\"container\">\n\t\t\t\t<div class=\"elementor-element elementor-element-ae28aa2 elementor-absolute aux-appear-watch-animation aux-fade-in-down elementor-hidden-tablet_extra elementor-hidden-tablet elementor-hidden-mobile_extra elementor-hidden-mobile elementor-widget elementor-widget-image\" data-id=\"ae28aa2\" data-element_type=\"widget\" data-e-type=\"widget\" data-settings=\"{&quot;_position&quot;:&quot;absolute&quot;}\" data-widget_type=\"image.default\">\n\t\t\t\t<div class=\"elementor-widget-container\">\n\t\t\t\t\t\t\t\t\t\t\t\t\t\t\t<img fetchpriority=\"high\" decoding=\"async\" width=\"360\" height=\"455\" src=\"https:\/\/auro.dfirma.pl\/wp-content\/uploads\/2026\/03\/ornament.svg\" class=\"attachment-large size-large wp-image-291\" alt=\"\" \/>\t\t\t\t\t\t\t\t\t\t\t\t\t\t\t<\/div>\n\t\t\t\t<\/div>\n\t\t\t\t<div class=\"elementor-element elementor-element-17fda8f aux-appear-watch-animation aux-slide-from-left elementor-widget elementor-widget-aurora_image\" data-id=\"17fda8f\" data-element_type=\"widget\" data-e-type=\"widget\" data-widget_type=\"aurora_image.default\">\n\t\t\t\t<div class=\"elementor-widget-container\">\n\t\t\t\t\t<div class=\"aurora-image-wrap\"><img decoding=\"async\" src=\"https:\/\/auro.dfirma.pl\/wp-content\/uploads\/2026\/03\/lavender.jpg\" alt=\"\" loading=\"lazy\" \/><\/div>\t\t\t\t<\/div>\n\t\t\t\t<\/div>\n\t\t\t\t<\/div>\n\t\t<div class=\"elementor-element elementor-element-c07b2af e-con-full e-flex e-con e-child\" data-id=\"c07b2af\" data-element_type=\"container\" data-e-type=\"container\">\n\t\t\t\t<div class=\"elementor-element elementor-element-aac7b11 aux-appear-watch-animation aux-fade-in-up elementor-widget__width-inherit elementor-widget-mobile_extra__width-inherit elementor-widget elementor-widget-aux_modern_heading\" data-id=\"aac7b11\" data-element_type=\"widget\" data-e-type=\"widget\" data-widget_type=\"aux_modern_heading.default\">\n\t\t\t\t<div class=\"elementor-widget-container\">\n\t\t\t\t\t<section class=\"aux-widget-modern-heading\">\n            <div class=\"aux-widget-inner\"><h2 class=\"aux-modern-heading-primary\">Poznaj kolekcj\u0119<\/h2><h3 class=\"aux-modern-heading-secondary\"><span class=\"aux-head-before\">Lavender<\/span><\/h3><div class=\"aux-modern-heading-description\"><p>Lawenda od wiek\u00f3w jest kojarzona z odpr\u0119\u017ce<br \/>niem i redukcj\u0105 stresu. Jej delikatny zapach dzia\u0142a<br \/>koj\u0105co na uk\u0142ad nerwowy, pomagaj\u0105c w walce<br \/>z bezsenno\u015bci\u0105 i napi\u0119ciem<\/p><\/div><\/div>\n        <\/section>\t\t\t\t<\/div>\n\t\t\t\t<\/div>\n\t\t\t\t<div class=\"elementor-element elementor-element-d5e24f9 aux-appear-watch-animation aux-fade-in-up-1 elementor-widget elementor-widget-aux_button\" data-id=\"d5e24f9\" data-element_type=\"widget\" data-e-type=\"widget\" data-widget_type=\"aux_button.default\">\n\t\t\t\t<div class=\"elementor-widget-container\">\n\t\t\t\t\t<a  href=\"https:\/\/auro.dfirma.pl\/en\/kolekcje\/rose\/\" target=\"_self\"   class=\"aux-button aux-medium aux-black aux-curve aux-outline\" ><span class=\"aux-overlay\"><\/span><span class=\"aux-text\">Zobacz kolekcj\u0119<\/span><\/a>\t\t\t\t<\/div>\n\t\t\t\t<\/div>\n\t\t\t\t<\/div>\n\t\t\t\t<\/div>\n\t\t<div class=\"elementor-element elementor-element-0107e2e e-con-full e-flex e-con e-child\" data-id=\"0107e2e\" data-element_type=\"container\" data-e-type=\"container\" data-settings=\"{&quot;background_background&quot;:&quot;classic&quot;}\">\n\t\t<div class=\"elementor-element elementor-element-b6cb834 e-con-full aux-appear-watch-animation aux-slide-from-bot e-flex e-con e-child\" data-id=\"b6cb834\" data-element_type=\"container\" data-e-type=\"container\">\n\t\t\t\t<div class=\"elementor-element elementor-element-b61a033 aux-appear-watch-animation aux-slide-from-left elementor-widget elementor-widget-aurora_image\" data-id=\"b61a033\" data-element_type=\"widget\" data-e-type=\"widget\" data-widget_type=\"aurora_image.default\">\n\t\t\t\t<div class=\"elementor-widget-container\">\n\t\t\t\t\t<div class=\"aurora-image-wrap\"><img decoding=\"async\" src=\"https:\/\/auro.dfirma.pl\/wp-content\/uploads\/2026\/03\/lavandula.jpg\" alt=\"\" loading=\"lazy\" \/><\/div>\t\t\t\t<\/div>\n\t\t\t\t<\/div>\n\t\t\t\t<\/div>\n\t\t<div class=\"elementor-element elementor-element-8c677dc e-con-full aux-appear-watch-animation aux-slide-from-left e-flex e-con e-child\" data-id=\"8c677dc\" data-element_type=\"container\" data-e-type=\"container\">\n\t\t\t\t<div class=\"elementor-element elementor-element-9337a4f aux-appear-watch-animation aux-fade-in-up elementor-widget__width-inherit elementor-widget-mobile_extra__width-inherit elementor-widget elementor-widget-aux_modern_heading\" data-id=\"9337a4f\" data-element_type=\"widget\" data-e-type=\"widget\" data-widget_type=\"aux_modern_heading.default\">\n\t\t\t\t<div class=\"elementor-widget-container\">\n\t\t\t\t\t<section class=\"aux-widget-modern-heading\">\n            <div class=\"aux-widget-inner\"><h2 class=\"aux-modern-heading-primary\">Poznaj kolekcj\u0119<\/h2><h3 class=\"aux-modern-heading-secondary\"><span class=\"aux-head-before\">Lavandula<\/span><\/h3><div class=\"aux-modern-heading-description\"><p>Produkty z lawend\u0105 cz\u0119sto kojarz\u0105 si\u0119 <br \/>z naturalnym, ekologicznym podej\u015bciem do <br \/>piel\u0119gnacji cia\u0142a i domu. Jej obecno\u015b\u0107 w sk\u0142adzie <br \/>produkt\u00f3w sugeruje delikatno\u015b\u0107 i bezpiecze\u0144stwo.<\/p><\/div><\/div>\n        <\/section>\t\t\t\t<\/div>\n\t\t\t\t<\/div>\n\t\t\t\t<div class=\"elementor-element elementor-element-7655f79 aux-appear-watch-animation aux-fade-in-up-1 elementor-widget elementor-widget-aux_button\" data-id=\"7655f79\" data-element_type=\"widget\" data-e-type=\"widget\" data-widget_type=\"aux_button.default\">\n\t\t\t\t<div class=\"elementor-widget-container\">\n\t\t\t\t\t<a  href=\"https:\/\/auro.dfirma.pl\/en\/kolekcje\/rose\/\" target=\"_self\"   class=\"aux-button aux-medium aux-black aux-curve aux-outline\" ><span class=\"aux-overlay\"><\/span><span class=\"aux-text\">Zobacz kolekcj\u0119<\/span><\/a>\t\t\t\t<\/div>\n\t\t\t\t<\/div>\n\t\t\t\t<\/div>\n\t\t\t\t<\/div>\n\t\t<div class=\"elementor-element elementor-element-528aee3 e-con-full e-flex e-con e-child\" data-id=\"528aee3\" data-element_type=\"container\" data-e-type=\"container\" data-settings=\"{&quot;background_background&quot;:&quot;classic&quot;}\">\n\t\t<div class=\"elementor-element elementor-element-5e59efe e-con-full e-flex e-con e-child\" data-id=\"5e59efe\" data-element_type=\"container\" data-e-type=\"container\">\n\t\t\t\t<div class=\"elementor-element elementor-element-85a2bd9 aux-appear-watch-animation aux-slide-from-left elementor-widget elementor-widget-aurora_image\" data-id=\"85a2bd9\" data-element_type=\"widget\" data-e-type=\"widget\" data-widget_type=\"aurora_image.default\">\n\t\t\t\t<div class=\"elementor-widget-container\">\n\t\t\t\t\t<div class=\"aurora-image-wrap\"><img decoding=\"async\" src=\"https:\/\/auro.dfirma.pl\/wp-content\/uploads\/2026\/03\/midnight-rose.jpg\" alt=\"\" loading=\"lazy\" \/><\/div>\t\t\t\t<\/div>\n\t\t\t\t<\/div>\n\t\t\t\t<\/div>\n\t\t<div class=\"elementor-element elementor-element-336a07c e-con-full e-flex e-con e-child\" data-id=\"336a07c\" data-element_type=\"container\" data-e-type=\"container\">\n\t\t\t\t<div class=\"elementor-element elementor-element-b61ea7d aux-appear-watch-animation aux-fade-in-up elementor-widget__width-inherit elementor-widget-mobile_extra__width-inherit elementor-widget elementor-widget-aux_modern_heading\" data-id=\"b61ea7d\" data-element_type=\"widget\" data-e-type=\"widget\" data-widget_type=\"aux_modern_heading.default\">\n\t\t\t\t<div class=\"elementor-widget-container\">\n\t\t\t\t\t<section class=\"aux-widget-modern-heading\">\n            <div class=\"aux-widget-inner\"><h2 class=\"aux-modern-heading-primary\">Poznaj kolekcj\u0119<\/h2><h3 class=\"aux-modern-heading-secondary\"><span class=\"aux-head-before\">Midnight Rose<\/span><\/h3><div class=\"aux-modern-heading-description\"><p>Produkty z lawend\u0105 cz\u0119sto kojarz\u0105 si\u0119 <br \/>z naturalnym, ekologicznym podej\u015bciem do <br \/>piel\u0119gnacji cia\u0142a i domu. Jej obecno\u015b\u0107 w sk\u0142adzie <br \/>produkt\u00f3w sugeruje delikatno\u015b\u0107 i bezpiecze\u0144stwo.<\/p><\/div><\/div>\n        <\/section>\t\t\t\t<\/div>\n\t\t\t\t<\/div>\n\t\t\t\t<div class=\"elementor-element elementor-element-326ce59 aux-appear-watch-animation aux-fade-in-up-1 elementor-widget elementor-widget-aux_button\" data-id=\"326ce59\" data-element_type=\"widget\" data-e-type=\"widget\" data-widget_type=\"aux_button.default\">\n\t\t\t\t<div class=\"elementor-widget-container\">\n\t\t\t\t\t<a  href=\"https:\/\/auro.dfirma.pl\/en\/kolekcje\/rose\/\" target=\"_self\"   class=\"aux-button aux-medium aux-black aux-curve aux-outline\" ><span class=\"aux-overlay\"><\/span><span class=\"aux-text\">Zobacz kolekcj\u0119<\/span><\/a>\t\t\t\t<\/div>\n\t\t\t\t<\/div>\n\t\t\t\t<\/div>\n\t\t\t\t<\/div>\n\t\t\t\t\t<\/div>\n\t\t\t\t<\/div>\n\t\t<div class=\"aux-parallax-section elementor-element elementor-element-ae98b06 e-flex e-con-boxed e-con e-parent\" data-id=\"ae98b06\" data-element_type=\"container\" data-e-type=\"container\" data-settings=\"{&quot;background_background&quot;:&quot;classic&quot;}\">\n\t\t\t\t\t<div class=\"e-con-inner\">\n\t\t\t\t\t<\/div>\n\t\t\t\t<\/div>\n\t\t\t\t<\/div>","protected":false},"excerpt":{"rendered":"<p>Poznaj kolekcj\u0119 Lavender Lawenda od wiek\u00f3w jest kojarzona z odpr\u0119\u017ceniem i redukcj\u0105 stresu. Jej delikatny zapach dzia\u0142akoj\u0105co na uk\u0142ad nerwowy, pomagaj\u0105c w walcez bezsenno\u015bci\u0105 i napi\u0119ciem Zobacz kolekcj\u0119 Poznaj kolekcj\u0119 Lavandula Produkty z lawend\u0105 cz\u0119sto kojarz\u0105 si\u0119 z naturalnym, ekologicznym podej\u015bciem do piel\u0119gnacji cia\u0142a i domu. Jej obecno\u015b\u0107 w sk\u0142adzie produkt\u00f3w sugeruje delikatno\u015b\u0107 i bezpiecze\u0144stwo. [&hellip;]<\/p>\n","protected":false},"author":1,"featured_media":0,"parent":0,"menu_order":0,"comment_status":"closed","ping_status":"closed","template":"templates\/page-builder-content.php","meta":{"footnotes":""},"class_list":["post-835","page","type-page","status-publish","hentry"],"_links":{"self":[{"href":"https:\/\/auro.dfirma.pl\/en\/wp-json\/wp\/v2\/pages\/835","targetHints":{"allow":["GET"]}}],"collection":[{"href":"https:\/\/auro.dfirma.pl\/en\/wp-json\/wp\/v2\/pages"}],"about":[{"href":"https:\/\/auro.dfirma.pl\/en\/wp-json\/wp\/v2\/types\/page"}],"author":[{"embeddable":true,"href":"https:\/\/auro.dfirma.pl\/en\/wp-json\/wp\/v2\/users\/1"}],"replies":[{"embeddable":true,"href":"https:\/\/auro.dfirma.pl\/en\/wp-json\/wp\/v2\/comments?post=835"}],"version-history":[{"count":125,"href":"https:\/\/auro.dfirma.pl\/en\/wp-json\/wp\/v2\/pages\/835\/revisions"}],"predecessor-version":[{"id":1521,"href":"https:\/\/auro.dfirma.pl\/en\/wp-json\/wp\/v2\/pages\/835\/revisions\/1521"}],"wp:attachment":[{"href":"https:\/\/auro.dfirma.pl\/en\/wp-json\/wp\/v2\/media?parent=835"}],"curies":[{"name":"wp","href":"https:\/\/api.w.org\/{rel}","templated":true}]}}